{"id":133205,"date":"2025-03-13T16:37:10","date_gmt":"2025-03-13T14:37:10","guid":{"rendered":"https:\/\/kabelopmaat.eu\/merci-pour-votre-commande-%f0%9f%8e%89\/"},"modified":"2025-03-24T11:05:10","modified_gmt":"2025-03-24T09:05:10","slug":"merci-pour-votre-commande-%f0%9f%8e%89","status":"publish","type":"page","link":"https:\/\/www.kabelopmaat.eu\/fr\/merci-pour-votre-commande-%f0%9f%8e%89\/","title":{"rendered":"Merci pour votre commande ! \ud83c\udf89"},"content":{"rendered":"\n<p><\/p>\n\n<p>Nous avons bien re\u00e7u votre commande et nous nous sommes imm\u00e9diatement mis au travail pour livrer le tout \u00e0 votre domicile dans les plus brefs d\u00e9lais. Vous recevrez bient\u00f4t un e-mail de confirmation contenant tous les d\u00e9tails de votre commande. <\/p>\n\n<p>\ud83d\udce6 <strong>Exp\u00e9dition et livraison<\/strong><br\/>Nous vous tiendrons au courant de l&rsquo;avancement des travaux et vous enverrons une notification d\u00e8s que votre colis sera en route.<\/p>\n\n<p>\ud83d\udcac <strong>Questions<\/strong><br\/>Vous avez des questions sur votre commande ? Notre \u00e9quipe est \u00e0 votre service !   <\/p>\n\n<p>Contactez-nous \u00e0 l&rsquo;adresse suivante <a href=\"mailto:info@kabelopmaat.eu\">: info@kabelopmaat.eu<\/a> <\/p>\n\n<p>\u2728 Merci de <strong>votre confiance !<\/strong><br\/>Nous appr\u00e9cions vraiment vos achats chez nous et esp\u00e9rons vous revoir bient\u00f4t. Nous vous souhaitons un bon achat ! <\/p>\n\n<p><\/p>\n","protected":false},"excerpt":{"rendered":"<p>Nous avons bien re\u00e7u votre commande et nous nous sommes imm\u00e9diatement mis au travail pour livrer le tout \u00e0 votre domicile dans les plus brefs d\u00e9lais. Vous recevrez bient\u00f4t un e-mail de confirmation contenant tous les d\u00e9tails de votre commande. \ud83d\udce6 Exp\u00e9dition et livraisonNous vous tiendrons au courant de l&rsquo;avancement des travaux et vous enverrons [&hellip;]<\/p>\n","protected":false},"author":1,"featured_media":0,"parent":0,"menu_order":0,"comment_status":"closed","ping_status":"closed","template":"","meta":{"_acf_changed":false,"_sitemap_exclude":false,"_sitemap_priority":"","_sitemap_frequency":"","_daextamp_enable_autolinks":"","_monsterinsights_skip_tracking":false,"_monsterinsights_sitenote_active":false,"_monsterinsights_sitenote_note":"","_monsterinsights_sitenote_category":0,"_joinchat":[],"footnotes":""},"class_list":["post-133205","page","type-page","status-publish","hentry"],"acf":[],"aioseo_notices":[],"jetpack_sharing_enabled":true,"_links":{"self":[{"href":"https:\/\/www.kabelopmaat.eu\/fr\/wp-json\/wp\/v2\/pages\/133205","targetHints":{"allow":["GET"]}}],"collection":[{"href":"https:\/\/www.kabelopmaat.eu\/fr\/wp-json\/wp\/v2\/pages"}],"about":[{"href":"https:\/\/www.kabelopmaat.eu\/fr\/wp-json\/wp\/v2\/types\/page"}],"author":[{"embeddable":true,"href":"https:\/\/www.kabelopmaat.eu\/fr\/wp-json\/wp\/v2\/users\/1"}],"replies":[{"embeddable":true,"href":"https:\/\/www.kabelopmaat.eu\/fr\/wp-json\/wp\/v2\/comments?post=133205"}],"version-history":[{"count":1,"href":"https:\/\/www.kabelopmaat.eu\/fr\/wp-json\/wp\/v2\/pages\/133205\/revisions"}],"predecessor-version":[{"id":133207,"href":"https:\/\/www.kabelopmaat.eu\/fr\/wp-json\/wp\/v2\/pages\/133205\/revisions\/133207"}],"wp:attachment":[{"href":"https:\/\/www.kabelopmaat.eu\/fr\/wp-json\/wp\/v2\/media?parent=133205"}],"curies":[{"name":"wp","href":"https:\/\/api.w.org\/{rel}","templated":true}]}}