{"id":128286,"date":"2022-08-27T11:00:09","date_gmt":"2022-08-27T09:00:09","guid":{"rendered":"https:\/\/kabelopmaat.eu\/politique-de-remboursement-et-de-retour-custom-cable\/"},"modified":"2024-11-08T12:26:53","modified_gmt":"2024-11-08T10:26:53","slug":"politique-de-remboursement-et-de-retour-custom-cable","status":"publish","type":"page","link":"https:\/\/www.kabelopmaat.eu\/fr\/politique-de-remboursement-et-de-retour-custom-cable\/","title":{"rendered":"Politique de remboursement et de retour Custom Cable"},"content":{"rendered":"\n<p>politique de retour<\/p>\n\n<h2 class=\"wp-block-heading\">\n          <strong>Retourner votre commande<\/strong>\n        <\/h2>\n\n<p>Si vous abandonnez votre achat et\/ou si le produit ne correspond pas \u00e0 ce que vous attendiez, vous pouvez retourner votre commande dans les 14 jours suivant la r\u00e9ception de votre colis.<\/p>\n\n<p>Vous pouvez nous signaler ce probl\u00e8me dans un d\u00e9lai de 14 jours \u00e0 compter de la date de r\u00e9ception \u00e0 l&rsquo;adresse <a href=\"mailto:info@kabelopmaat.eu\">suivante : info@kabelopmaat.eu<\/a><\/p>\n\n<p>Nous vous enverrons alors un num\u00e9ro de retour que vous pourrez envoyer avec votre retour.<\/p>\n\n<h2 class=\"wp-block-heading\">\n          <strong>Conditions de retour<\/strong>\n        <\/h2>\n\n<p>Le produit doit \u00eatre retourn\u00e9 intact et dans son \u00e9tat d&rsquo;origine, y compris la bo\u00eete d&rsquo;origine (le cas \u00e9ch\u00e9ant). Pour cette raison, utilisez toujours une bonne bo\u00eete solide afin de ne pas endommager l&#8217;emballage d&rsquo;origine.<br\/>Assurez-vous que le num\u00e9ro de retour est joint (il peut s&rsquo;agir de l&rsquo;e-mail imprim\u00e9 avec le num\u00e9ro de retour) ; les retours sans num\u00e9ro de retour ne peuvent pas \u00eatre trait\u00e9s. Les frais de retour de votre produit sont \u00e0 votre charge. Le produit doit \u00eatre retourn\u00e9 dans les 14 jours suivant sa r\u00e9ception. Une fois le retour re\u00e7u, nous vous rembourserons le montant d\u00fb pour le produit sur votre compte dans les 14 jours.     <\/p>\n\n<p><br\/>E<strong>xceptions<\/strong> Les produits suivants ne peuvent pas \u00eatre retourn\u00e9s \u00e0<a href=\"https:\/\/www.kabelopmaat.eu\" title=\"c&#xE2;ble personnalis&#xE9;\">Custom Cable.<\/a> <\/p>\n\n<ul class=\"wp-block-list\">\n<li><strong>Un produit sur mesure :<\/strong> il est con\u00e7u sp\u00e9cialement pour vous<br\/> <\/li>\n<\/ul>\n","protected":false},"excerpt":{"rendered":"<p>politique de retour Retourner votre commande Si vous abandonnez votre achat et\/ou si le produit ne correspond pas \u00e0 ce que vous attendiez, vous pouvez retourner votre commande dans les 14 jours suivant la r\u00e9ception de votre colis. Vous pouvez nous signaler ce probl\u00e8me dans un d\u00e9lai de 14 jours \u00e0 compter de la date [&hellip;]<\/p>\n","protected":false},"author":1,"featured_media":128289,"parent":0,"menu_order":3,"comment_status":"closed","ping_status":"closed","template":"","meta":{"_acf_changed":false,"_sitemap_exclude":false,"_sitemap_priority":"","_sitemap_frequency":"","_daextamp_enable_autolinks":"","_monsterinsights_skip_tracking":false,"_monsterinsights_sitenote_active":false,"_monsterinsights_sitenote_note":"","_monsterinsights_sitenote_category":0,"_joinchat":[],"footnotes":""},"class_list":["post-128286","page","type-page","status-publish","has-post-thumbnail","hentry"],"acf":[],"aioseo_notices":[],"jetpack_sharing_enabled":true,"_links":{"self":[{"href":"https:\/\/www.kabelopmaat.eu\/fr\/wp-json\/wp\/v2\/pages\/128286","targetHints":{"allow":["GET"]}}],"collection":[{"href":"https:\/\/www.kabelopmaat.eu\/fr\/wp-json\/wp\/v2\/pages"}],"about":[{"href":"https:\/\/www.kabelopmaat.eu\/fr\/wp-json\/wp\/v2\/types\/page"}],"author":[{"embeddable":true,"href":"https:\/\/www.kabelopmaat.eu\/fr\/wp-json\/wp\/v2\/users\/1"}],"replies":[{"embeddable":true,"href":"https:\/\/www.kabelopmaat.eu\/fr\/wp-json\/wp\/v2\/comments?post=128286"}],"version-history":[{"count":2,"href":"https:\/\/www.kabelopmaat.eu\/fr\/wp-json\/wp\/v2\/pages\/128286\/revisions"}],"predecessor-version":[{"id":128291,"href":"https:\/\/www.kabelopmaat.eu\/fr\/wp-json\/wp\/v2\/pages\/128286\/revisions\/128291"}],"wp:featuredmedia":[{"embeddable":true,"href":"https:\/\/www.kabelopmaat.eu\/fr\/wp-json\/wp\/v2\/media\/128289"}],"wp:attachment":[{"href":"https:\/\/www.kabelopmaat.eu\/fr\/wp-json\/wp\/v2\/media?parent=128286"}],"curies":[{"name":"wp","href":"https:\/\/api.w.org\/{rel}","templated":true}]}}