{"id":128209,"date":"2022-08-25T08:24:28","date_gmt":"2022-08-25T06:24:28","guid":{"rendered":"https:\/\/kabelopmaat.eu\/cable-personnalise\/"},"modified":"2024-11-08T12:26:28","modified_gmt":"2024-11-08T10:26:28","slug":"cable-personnalise","status":"publish","type":"page","link":"https:\/\/www.kabelopmaat.eu\/fr\/","title":{"rendered":"C\u00e2ble personnalis\u00e9"},"content":{"rendered":"\n<p class=\"wp-embed-aspect-16-9 wp-has-aspect-ratio\"><\/p>\n\n<p>Bienvenue dans notre c\u00e2ble personnalis\u00e9, o\u00f9 vous pouvez adapter de nombreux articles \u00e0 vos besoins. Que vous soyez un bricoleur exp\u00e9riment\u00e9 ou que vous recherchiez quelque chose de sp\u00e9cifique, vous \u00eates au bon endroit. Nous vous proposons \u00e9galement <strong><a href=\"https:\/\/kabelopmaat.eu\/product-categorie\/armaflex\/\" title=\"\">Armaflex<\/a><\/strong> pour les bricoleurs.  <\/p>\n\n<p><strong>C\u00e2bles sur mesure<\/strong>. Vous avez des exigences sp\u00e9cifiques pour vos c\u00e2bles ? Avec nous, vous pouvez faire fabriquer des c\u00e2bles exactement comme vous le souhaitez. Que vous ayez besoin d&rsquo;une rallonge d&rsquo;une longueur diff\u00e9rente, d&rsquo;une couleur diff\u00e9rente ou m\u00eame d&rsquo;une configuration compl\u00e8tement diff\u00e9rente, nous vous proposons des c\u00e2bles sur mesure. Dans notre boutique en ligne, vous pouvez facilement s\u00e9lectionner les options souhait\u00e9es, telles que la longueur, la couleur, etc.    <\/p>\n\n<p><strong>Personnalisation pour fils et faisceaux de<\/strong> fils Vous avez besoin d&rsquo;un design sp\u00e9cifique, qu&rsquo;il s&rsquo;agisse de fils ou de petits faisceaux de fils ? N&rsquo;h\u00e9sitez pas \u00e0 nous envoyer un dessin \u00e0 <a>info@kabelopmaat.eu<\/a> pour obtenir un devis sans engagement. Notre production locale aux Pays-Bas garantit que vos produits r\u00e9pondent aux normes de qualit\u00e9 les plus \u00e9lev\u00e9es, soutenues par des ann\u00e9es d&rsquo;expertise.  <\/p>\n\n<p><strong>Fabrication professionnelle<\/strong> Nos produits sont fabriqu\u00e9s \u00e0 l&rsquo;aide de machines et de comp\u00e9tences professionnelles. Regardez nos vid\u00e9os ci-dessous pour vous faire une id\u00e9e de notre processus de production et de la qualit\u00e9 que nous offrons. <\/p>\n\n<p>Que vous ayez besoin de c\u00e2bles standard ou de configurations de fils sp\u00e9ciales, vous pouvez compter sur la personnalisation et la qualit\u00e9. Visitez notre boutique en ligne et d\u00e9couvrez les possibilit\u00e9s qui s&rsquo;offrent \u00e0 vous pour vos projets. <\/p>\n\n<h2 class=\"wp-block-heading\"><\/h2>\n\n<div class=\"wp-block-columns are-vertically-aligned-center is-layout-flex wp-container-core-columns-is-layout-9d6595d7 wp-block-columns-is-layout-flex\">\n<div class=\"wp-block-column is-vertically-aligned-center is-layout-flow wp-block-column-is-layout-flow\" style=\"flex-basis:100%\">\n<figure class=\"wp-block-embed is-type-video is-provider-youtube wp-block-embed-youtube wp-embed-aspect-4-3 wp-has-aspect-ratio\"><div class=\"wp-block-embed__wrapper\">\n<div class=\"jetpack-video-wrapper\"><iframe title=\"Komax Alpha 355\" width=\"820\" height=\"615\" src=\"https:\/\/www.youtube.com\/embed\/VHhEwSTlNSk?start=152&#038;feature=oembed\" frameborder=\"0\" allow=\"accelerometer; autoplay; clipboard-write; encrypted-media; gyroscope; picture-in-picture; web-share\" referrerpolicy=\"strict-origin-when-cross-origin\" allowfullscreen><\/iframe><\/div>\n<\/div><\/figure>\n<\/div>\n<\/div>\n\n<figure class=\"wp-block-embed is-type-video is-provider-youtube wp-block-embed-youtube wp-embed-aspect-16-9 wp-has-aspect-ratio\"><div class=\"wp-block-embed__wrapper\">\n<div class=\"jetpack-video-wrapper\"><iframe title=\"MC 40 Abisolier- und Crimpautomat GLW\" width=\"820\" height=\"461\" src=\"https:\/\/www.youtube.com\/embed\/mSzD4sKUzTA?feature=oembed\" frameborder=\"0\" allow=\"accelerometer; autoplay; clipboard-write; encrypted-media; gyroscope; picture-in-picture; web-share\" referrerpolicy=\"strict-origin-when-cross-origin\" allowfullscreen><\/iframe><\/div>\n<\/div><\/figure>\n","protected":false},"excerpt":{"rendered":"<p>Bienvenue dans notre c\u00e2ble personnalis\u00e9, o\u00f9 vous pouvez adapter de nombreux articles \u00e0 vos besoins. Que vous soyez un bricoleur exp\u00e9riment\u00e9 ou que vous recherchiez quelque chose de sp\u00e9cifique, vous \u00eates au bon endroit. Nous vous proposons \u00e9galement Armaflex pour les bricoleurs. C\u00e2bles sur mesure. Vous avez des exigences sp\u00e9cifiques pour vos c\u00e2bles ? Avec [&hellip;]<\/p>\n","protected":false},"author":1,"featured_media":0,"parent":0,"menu_order":1,"comment_status":"closed","ping_status":"closed","template":"","meta":{"_acf_changed":false,"_sitemap_exclude":false,"_sitemap_priority":"","_sitemap_frequency":"","_daextamp_enable_autolinks":"","_monsterinsights_skip_tracking":false,"_monsterinsights_sitenote_active":false,"_monsterinsights_sitenote_note":"","_monsterinsights_sitenote_category":0,"_joinchat":[],"footnotes":""},"class_list":["post-128209","page","type-page","status-publish","hentry"],"acf":[],"aioseo_notices":[],"jetpack_sharing_enabled":true,"_links":{"self":[{"href":"https:\/\/www.kabelopmaat.eu\/fr\/wp-json\/wp\/v2\/pages\/128209","targetHints":{"allow":["GET"]}}],"collection":[{"href":"https:\/\/www.kabelopmaat.eu\/fr\/wp-json\/wp\/v2\/pages"}],"about":[{"href":"https:\/\/www.kabelopmaat.eu\/fr\/wp-json\/wp\/v2\/types\/page"}],"author":[{"embeddable":true,"href":"https:\/\/www.kabelopmaat.eu\/fr\/wp-json\/wp\/v2\/users\/1"}],"replies":[{"embeddable":true,"href":"https:\/\/www.kabelopmaat.eu\/fr\/wp-json\/wp\/v2\/comments?post=128209"}],"version-history":[{"count":2,"href":"https:\/\/www.kabelopmaat.eu\/fr\/wp-json\/wp\/v2\/pages\/128209\/revisions"}],"predecessor-version":[{"id":128214,"href":"https:\/\/www.kabelopmaat.eu\/fr\/wp-json\/wp\/v2\/pages\/128209\/revisions\/128214"}],"wp:attachment":[{"href":"https:\/\/www.kabelopmaat.eu\/fr\/wp-json\/wp\/v2\/media?parent=128209"}],"curies":[{"name":"wp","href":"https:\/\/api.w.org\/{rel}","templated":true}]}}