{"id":128193,"date":"2023-10-26T12:11:03","date_gmt":"2023-10-26T10:11:03","guid":{"rendered":"https:\/\/kabelopmaat.eu\/a-propos-de-nous\/"},"modified":"2025-03-24T11:10:55","modified_gmt":"2025-03-24T09:10:55","slug":"a-propos-de-nous","status":"publish","type":"page","link":"https:\/\/www.kabelopmaat.eu\/fr\/a-propos-de-nous\/","title":{"rendered":"A propos de nous"},"content":{"rendered":"\n<p><\/p>\n\n<p><strong>A propos de nous.<\/strong><\/p>\n\n<p>Remarque ! L&rsquo;adresse de Kabel op maat n&rsquo;est pas une adresse de visite.<\/p>\n\n<p>Nous op\u00e9rons uniquement via l&rsquo;internet et n&rsquo;avons pas de magasin physique.<\/p>\n\n<p><strong><a href=\"http:\/\/www.kabelopmaat.eu\" title=\"C&#xE2;ble personnalis&#xE9;\">C\u00e2ble personnalis\u00e9<\/a><\/strong><\/p>\n\n<p>Scheepmakersstraat 9<\/p>\n\n<p>2953 XL Alblasserdam<\/p>\n\n<p>CHAMBRE DE COMMERCE : <a href=\"https:\/\/www.kvk.nl\/bestellen\/#\/87574136000053481887?origin=search\" title=\"\">87574136<\/a><\/p>\n\n<p>Num\u00e9ro de TVA : NL004439827B04<\/p>\n\n<p><\/p>\n","protected":false},"excerpt":{"rendered":"<p>A propos de nous. Remarque ! L&rsquo;adresse de Kabel op maat n&rsquo;est pas une adresse de visite. Nous op\u00e9rons uniquement via l&rsquo;internet et n&rsquo;avons pas de magasin physique. C\u00e2ble personnalis\u00e9 Scheepmakersstraat 9 2953 XL Alblasserdam CHAMBRE DE COMMERCE : 87574136 Num\u00e9ro de TVA : NL004439827B04<\/p>\n","protected":false},"author":1,"featured_media":0,"parent":0,"menu_order":0,"comment_status":"closed","ping_status":"closed","template":"","meta":{"_acf_changed":false,"_sitemap_exclude":false,"_sitemap_priority":"","_sitemap_frequency":"","_daextamp_enable_autolinks":"","_monsterinsights_skip_tracking":false,"_monsterinsights_sitenote_active":false,"_monsterinsights_sitenote_note":"","_monsterinsights_sitenote_category":0,"_joinchat":[],"footnotes":""},"class_list":["post-128193","page","type-page","status-publish","hentry"],"acf":[],"aioseo_notices":[],"jetpack_sharing_enabled":true,"_links":{"self":[{"href":"https:\/\/www.kabelopmaat.eu\/fr\/wp-json\/wp\/v2\/pages\/128193","targetHints":{"allow":["GET"]}}],"collection":[{"href":"https:\/\/www.kabelopmaat.eu\/fr\/wp-json\/wp\/v2\/pages"}],"about":[{"href":"https:\/\/www.kabelopmaat.eu\/fr\/wp-json\/wp\/v2\/types\/page"}],"author":[{"embeddable":true,"href":"https:\/\/www.kabelopmaat.eu\/fr\/wp-json\/wp\/v2\/users\/1"}],"replies":[{"embeddable":true,"href":"https:\/\/www.kabelopmaat.eu\/fr\/wp-json\/wp\/v2\/comments?post=128193"}],"version-history":[{"count":5,"href":"https:\/\/www.kabelopmaat.eu\/fr\/wp-json\/wp\/v2\/pages\/128193\/revisions"}],"predecessor-version":[{"id":133222,"href":"https:\/\/www.kabelopmaat.eu\/fr\/wp-json\/wp\/v2\/pages\/128193\/revisions\/133222"}],"wp:attachment":[{"href":"https:\/\/www.kabelopmaat.eu\/fr\/wp-json\/wp\/v2\/media?parent=128193"}],"curies":[{"name":"wp","href":"https:\/\/api.w.org\/{rel}","templated":true}]}}