{"id":133208,"date":"2025-03-13T16:37:10","date_gmt":"2025-03-13T14:37:10","guid":{"rendered":"https:\/\/kabelopmaat.eu\/vielen-dank-fuer-ihre-bestellung-%f0%9f%8e%89\/"},"modified":"2025-03-24T11:05:31","modified_gmt":"2025-03-24T09:05:31","slug":"vielen-dank-fuer-ihre-bestellung-%f0%9f%8e%89","status":"publish","type":"page","link":"https:\/\/www.kabelopmaat.eu\/de\/vielen-dank-fuer-ihre-bestellung-%f0%9f%8e%89\/","title":{"rendered":"Vielen Dank f\u00fcr Ihre Bestellung! \ud83c\udf89"},"content":{"rendered":"\n<p><\/p>\n\n<p>Wir haben Ihre Bestellung erfolgreich erhalten und arbeiten sofort daran, alles so schnell wie m\u00f6glich zu Ihnen nach Hause zu liefern. Sie werden in K\u00fcrze eine Best\u00e4tigungs-E-Mail mit allen Einzelheiten Ihrer Bestellung erhalten. <\/p>\n\n<p>\ud83d\udce6 <strong>Versand &amp; Lieferung<\/strong><br\/>Wir halten Sie \u00fcber den Fortschritt auf dem Laufenden und senden Ihnen eine Benachrichtigung, sobald Ihr Paket auf dem Weg ist.<\/p>\n\n<p>\ud83d\udcac <strong>Fragen<\/strong><br\/>Haben Sie Fragen zu Ihrer Bestellung? Unser Team ist f\u00fcr Sie da!   <\/p>\n\n<p>Kontaktieren Sie uns unter <a href=\"mailto:info@kabelopmaat.eu\">info@kabelopmaat.eu<\/a> <\/p>\n\n<p>\u2728 <strong>Vielen Dank f\u00fcr Ihr Vertrauen!<\/strong><br\/>Wir freuen uns, dass Sie bei uns einkaufen und hoffen, Sie bald wiederzusehen. Genie\u00dfen Sie Ihren Einkauf! <\/p>\n\n<p><\/p>\n","protected":false},"excerpt":{"rendered":"<p>Wir haben Ihre Bestellung erfolgreich erhalten und arbeiten sofort daran, alles so schnell wie m\u00f6glich zu Ihnen nach Hause zu liefern. Sie werden in K\u00fcrze eine Best\u00e4tigungs-E-Mail mit allen Einzelheiten Ihrer Bestellung erhalten. \ud83d\udce6 Versand &amp; LieferungWir halten Sie \u00fcber den Fortschritt auf dem Laufenden und senden Ihnen eine Benachrichtigung, sobald Ihr Paket auf dem [&hellip;]<\/p>\n","protected":false},"author":1,"featured_media":0,"parent":0,"menu_order":0,"comment_status":"closed","ping_status":"closed","template":"","meta":{"_acf_changed":false,"_sitemap_exclude":false,"_sitemap_priority":"","_sitemap_frequency":"","_daextamp_enable_autolinks":"","_monsterinsights_skip_tracking":false,"_monsterinsights_sitenote_active":false,"_monsterinsights_sitenote_note":"","_monsterinsights_sitenote_category":0,"_joinchat":[],"footnotes":""},"class_list":["post-133208","page","type-page","status-publish","hentry"],"acf":[],"aioseo_notices":[],"jetpack_sharing_enabled":true,"_links":{"self":[{"href":"https:\/\/www.kabelopmaat.eu\/de\/wp-json\/wp\/v2\/pages\/133208","targetHints":{"allow":["GET"]}}],"collection":[{"href":"https:\/\/www.kabelopmaat.eu\/de\/wp-json\/wp\/v2\/pages"}],"about":[{"href":"https:\/\/www.kabelopmaat.eu\/de\/wp-json\/wp\/v2\/types\/page"}],"author":[{"embeddable":true,"href":"https:\/\/www.kabelopmaat.eu\/de\/wp-json\/wp\/v2\/users\/1"}],"replies":[{"embeddable":true,"href":"https:\/\/www.kabelopmaat.eu\/de\/wp-json\/wp\/v2\/comments?post=133208"}],"version-history":[{"count":1,"href":"https:\/\/www.kabelopmaat.eu\/de\/wp-json\/wp\/v2\/pages\/133208\/revisions"}],"predecessor-version":[{"id":133210,"href":"https:\/\/www.kabelopmaat.eu\/de\/wp-json\/wp\/v2\/pages\/133208\/revisions\/133210"}],"wp:attachment":[{"href":"https:\/\/www.kabelopmaat.eu\/de\/wp-json\/wp\/v2\/media?parent=133208"}],"curies":[{"name":"wp","href":"https:\/\/api.w.org\/{rel}","templated":true}]}}