{"id":128298,"date":"2023-10-26T12:11:03","date_gmt":"2023-10-26T10:11:03","guid":{"rendered":"https:\/\/kabelopmaat.eu\/ueber-uns\/"},"modified":"2025-03-24T11:10:55","modified_gmt":"2025-03-24T09:10:55","slug":"ueber-uns","status":"publish","type":"page","link":"https:\/\/www.kabelopmaat.eu\/de\/ueber-uns\/","title":{"rendered":"\u00dcber uns"},"content":{"rendered":"\n<p><\/p>\n\n<p><strong>\u00dcber uns.<\/strong><\/p>\n\n<p>Achtung! Die Adresse von Kabel op maat ist keine Besuchsadresse.<\/p>\n\n<p>Wir operieren nur \u00fcber das Internet und haben kein physisches Gesch\u00e4ft<\/p>\n\n<p><strong><a href=\"http:\/\/www.kabelopmaat.eu\" title=\"Ma&#xDF;geschneidertes Kabel\">Ma\u00dfgeschneidertes Kabel<\/a><\/strong><\/p>\n\n<p>Scheepmakersstraat 9<\/p>\n\n<p>2953 XL Alblasserdam<\/p>\n\n<p>INDUSTRIE- UND HANDELSKAMMER: <a href=\"https:\/\/www.kvk.nl\/bestellen\/#\/87574136000053481887?origin=search\" title=\"\">87574136<\/a><\/p>\n\n<p>Umsatzsteuer-Identifikationsnummer: NL004439827B04<\/p>\n\n<p><\/p>\n","protected":false},"excerpt":{"rendered":"<p>\u00dcber uns. Achtung! Die Adresse von Kabel op maat ist keine Besuchsadresse. Wir operieren nur \u00fcber das Internet und haben kein physisches Gesch\u00e4ft Ma\u00dfgeschneidertes Kabel Scheepmakersstraat 9 2953 XL Alblasserdam INDUSTRIE- UND HANDELSKAMMER: 87574136 Umsatzsteuer-Identifikationsnummer: NL004439827B04<\/p>\n","protected":false},"author":1,"featured_media":0,"parent":0,"menu_order":0,"comment_status":"closed","ping_status":"closed","template":"","meta":{"_acf_changed":false,"_sitemap_exclude":false,"_sitemap_priority":"","_sitemap_frequency":"","_daextamp_enable_autolinks":"","_monsterinsights_skip_tracking":false,"_monsterinsights_sitenote_active":false,"_monsterinsights_sitenote_note":"","_monsterinsights_sitenote_category":0,"_joinchat":[],"footnotes":""},"class_list":["post-128298","page","type-page","status-publish","hentry"],"acf":[],"aioseo_notices":[],"jetpack_sharing_enabled":true,"_links":{"self":[{"href":"https:\/\/www.kabelopmaat.eu\/de\/wp-json\/wp\/v2\/pages\/128298","targetHints":{"allow":["GET"]}}],"collection":[{"href":"https:\/\/www.kabelopmaat.eu\/de\/wp-json\/wp\/v2\/pages"}],"about":[{"href":"https:\/\/www.kabelopmaat.eu\/de\/wp-json\/wp\/v2\/types\/page"}],"author":[{"embeddable":true,"href":"https:\/\/www.kabelopmaat.eu\/de\/wp-json\/wp\/v2\/users\/1"}],"replies":[{"embeddable":true,"href":"https:\/\/www.kabelopmaat.eu\/de\/wp-json\/wp\/v2\/comments?post=128298"}],"version-history":[{"count":5,"href":"https:\/\/www.kabelopmaat.eu\/de\/wp-json\/wp\/v2\/pages\/128298\/revisions"}],"predecessor-version":[{"id":133220,"href":"https:\/\/www.kabelopmaat.eu\/de\/wp-json\/wp\/v2\/pages\/128298\/revisions\/133220"}],"wp:attachment":[{"href":"https:\/\/www.kabelopmaat.eu\/de\/wp-json\/wp\/v2\/media?parent=128298"}],"curies":[{"name":"wp","href":"https:\/\/api.w.org\/{rel}","templated":true}]}}