{"id":128278,"date":"2022-08-27T11:00:09","date_gmt":"2022-08-27T09:00:09","guid":{"rendered":"https:\/\/kabelopmaat.eu\/erstattungs-und-rueckgabebedingungen-custom-cable\/"},"modified":"2024-11-08T12:26:53","modified_gmt":"2024-11-08T10:26:53","slug":"erstattungs-und-rueckgabebedingungen-custom-cable","status":"publish","type":"page","link":"https:\/\/www.kabelopmaat.eu\/de\/erstattungs-und-rueckgabebedingungen-custom-cable\/","title":{"rendered":"Erstattungs- und R\u00fcckgabebedingungen Custom Cable"},"content":{"rendered":"\n<p>R\u00fcckgabepolitik<\/p>\n\n<h2 class=\"wp-block-heading\">\n          <strong>R\u00fccksendung Ihrer Bestellung<\/strong>\n        <\/h2>\n\n<p>Wenn Sie Ihren Kauf abbrechen und\/oder das Produkt nicht Ihren Erwartungen entspricht, k\u00f6nnen Sie Ihre Bestellung innerhalb von 14 Tagen nach Erhalt Ihres Pakets zur\u00fcckgeben.<\/p>\n\n<p>Sie k\u00f6nnen uns dies innerhalb von 14 Tagen nach Erhalt unter <a href=\"mailto:info@kabelopmaat.eu\">info@kabelopmaat.eu<\/a> melden.<\/p>\n\n<p>Wir senden Ihnen dann eine R\u00fccksendenummer zu, die Sie zusammen mit Ihrer R\u00fccksendung einsenden k\u00f6nnen.<\/p>\n\n<h2 class=\"wp-block-heading\">\n          <strong>R\u00fcckgabebedingungen<\/strong>\n        <\/h2>\n\n<p>Das Produkt muss unbesch\u00e4digt und im Originalzustand zur\u00fcckgegeben werden, einschlie\u00dflich der Originalverpackung (falls zutreffend). Verwenden Sie daher immer einen guten, stabilen Karton, damit die Originalverpackung nicht besch\u00e4digt wird.<br\/>Vergewissern Sie sich, dass die R\u00fccksendenummer beigef\u00fcgt ist (dies kann die ausgedruckte E-Mail mit der R\u00fccksendenummer sein). R\u00fccksendungen ohne R\u00fccksendenummer k\u00f6nnen nicht bearbeitet werden. Die Kosten f\u00fcr die R\u00fccksendung Ihres Produkts gehen zu Ihren Lasten. Das Produkt muss innerhalb von 14 Tagen nach Erhalt zur\u00fcckgegeben werden. Sobald die R\u00fccksendung bei uns eingegangen ist, erstatten wir Ihnen den f\u00fcr das Produkt f\u00e4lligen Betrag innerhalb von 14 Tagen auf Ihr Konto.     <\/p>\n\n<p><br\/>A<strong>usnahmen<\/strong> Das folgende Produkt kann nicht an<a href=\"https:\/\/www.kabelopmaat.eu\" title=\"kundenspezifisches Kabel\">Custom Cable<\/a> zur\u00fcckgegeben werden.  <\/p>\n\n<ul class=\"wp-block-list\">\n<li><strong>Ein ma\u00dfgeschneidertes Produkt:<\/strong> Es wird speziell f\u00fcr Sie angefertigt<br\/> <\/li>\n<\/ul>\n","protected":false},"excerpt":{"rendered":"<p>R\u00fcckgabepolitik R\u00fccksendung Ihrer Bestellung Wenn Sie Ihren Kauf abbrechen und\/oder das Produkt nicht Ihren Erwartungen entspricht, k\u00f6nnen Sie Ihre Bestellung innerhalb von 14 Tagen nach Erhalt Ihres Pakets zur\u00fcckgeben. Sie k\u00f6nnen uns dies innerhalb von 14 Tagen nach Erhalt unter info@kabelopmaat.eu melden. Wir senden Ihnen dann eine R\u00fccksendenummer zu, die Sie zusammen mit Ihrer R\u00fccksendung [&hellip;]<\/p>\n","protected":false},"author":1,"featured_media":128283,"parent":0,"menu_order":3,"comment_status":"closed","ping_status":"closed","template":"","meta":{"_acf_changed":false,"_sitemap_exclude":false,"_sitemap_priority":"","_sitemap_frequency":"","_daextamp_enable_autolinks":"","_monsterinsights_skip_tracking":false,"_monsterinsights_sitenote_active":false,"_monsterinsights_sitenote_note":"","_monsterinsights_sitenote_category":0,"_joinchat":[],"footnotes":""},"class_list":["post-128278","page","type-page","status-publish","has-post-thumbnail","hentry"],"acf":[],"aioseo_notices":[],"jetpack_sharing_enabled":true,"_links":{"self":[{"href":"https:\/\/www.kabelopmaat.eu\/de\/wp-json\/wp\/v2\/pages\/128278","targetHints":{"allow":["GET"]}}],"collection":[{"href":"https:\/\/www.kabelopmaat.eu\/de\/wp-json\/wp\/v2\/pages"}],"about":[{"href":"https:\/\/www.kabelopmaat.eu\/de\/wp-json\/wp\/v2\/types\/page"}],"author":[{"embeddable":true,"href":"https:\/\/www.kabelopmaat.eu\/de\/wp-json\/wp\/v2\/users\/1"}],"replies":[{"embeddable":true,"href":"https:\/\/www.kabelopmaat.eu\/de\/wp-json\/wp\/v2\/comments?post=128278"}],"version-history":[{"count":2,"href":"https:\/\/www.kabelopmaat.eu\/de\/wp-json\/wp\/v2\/pages\/128278\/revisions"}],"predecessor-version":[{"id":128285,"href":"https:\/\/www.kabelopmaat.eu\/de\/wp-json\/wp\/v2\/pages\/128278\/revisions\/128285"}],"wp:featuredmedia":[{"embeddable":true,"href":"https:\/\/www.kabelopmaat.eu\/de\/wp-json\/wp\/v2\/media\/128283"}],"wp:attachment":[{"href":"https:\/\/www.kabelopmaat.eu\/de\/wp-json\/wp\/v2\/media?parent=128278"}],"curies":[{"name":"wp","href":"https:\/\/api.w.org\/{rel}","templated":true}]}}