{"id":128203,"date":"2022-08-25T08:24:28","date_gmt":"2022-08-25T06:24:28","guid":{"rendered":"https:\/\/kabelopmaat.eu\/massgeschneidertes-kabel\/"},"modified":"2024-11-08T12:26:28","modified_gmt":"2024-11-08T10:26:28","slug":"massgeschneidertes-kabel","status":"publish","type":"page","link":"https:\/\/www.kabelopmaat.eu\/de\/","title":{"rendered":"Ma\u00dfgeschneidertes Kabel"},"content":{"rendered":"\n<p class=\"wp-embed-aspect-16-9 wp-has-aspect-ratio\"><\/p>\n\n<p>Willkommen bei unserem Custom Cable, wo Sie zahlreiche Artikel nach Ihren W\u00fcnschen anpassen k\u00f6nnen. Egal, ob Sie ein erfahrener Heimwerker sind oder einfach nur etwas Bestimmtes suchen, bei uns sind Sie genau richtig. Wir bieten auch <strong><a href=\"https:\/\/kabelopmaat.eu\/product-categorie\/armaflex\/\" title=\"\">Armaflex<\/a><\/strong> Isolierung f\u00fcr Heimwerker an.  <\/p>\n\n<p><strong>Kabel nach Ma\u00df<\/strong>. Haben Sie spezielle Anforderungen an Ihre Kabel? Bei uns k\u00f6nnen Sie Kabel genau so anfertigen lassen, wie Sie es w\u00fcnschen. Ob Sie ein Verl\u00e4ngerungskabel in einer anderen L\u00e4nge, einer anderen Farbe oder sogar einer v\u00f6llig anderen Konfiguration ben\u00f6tigen, wir bieten Ihnen Kabel nach Ma\u00df. In unserem Webshop k\u00f6nnen Sie ganz einfach die gew\u00fcnschten Optionen wie L\u00e4nge, Farbe und mehr ausw\u00e4hlen.    <\/p>\n\n<p><strong>Ma\u00dfanfertigung f\u00fcr Draht und Kabelbaum<\/strong> Ben\u00f6tigen Sie ein spezielles Design, vom Draht bis zum kleinen Kabelbaum? Z\u00f6gern Sie nicht, uns eine Zeichnung an <a>info@kabelopmaat.eu<\/a> zu schicken, um ein unverbindliches Angebot zu erhalten. Unsere lokale Produktion in den Niederlanden garantiert, dass Ihre Produkte den h\u00f6chsten Qualit\u00e4tsstandards entsprechen, unterst\u00fctzt durch jahrelange Erfahrung.  <\/p>\n\n<p><strong>Professionelle Herstellung<\/strong> Unsere Produkte werden mit professionellen Maschinen und Fachwissen hergestellt. Sehen Sie sich unsere Videos unten an, um einen Eindruck von unserem Produktionsprozess und der Qualit\u00e4t, die wir liefern, zu bekommen. <\/p>\n\n<p>Ob Sie nun Standardkabel oder spezielle Kabelkonfigurationen ben\u00f6tigen, bei uns k\u00f6nnen Sie sich auf Ma\u00dfarbeit und Qualit\u00e4t verlassen. Besuchen Sie unseren Webshop und entdecken Sie die M\u00f6glichkeiten f\u00fcr Ihre Projekte. <\/p>\n\n<h2 class=\"wp-block-heading\"><\/h2>\n\n<div class=\"wp-block-columns are-vertically-aligned-center is-layout-flex wp-container-core-columns-is-layout-9d6595d7 wp-block-columns-is-layout-flex\">\n<div class=\"wp-block-column is-vertically-aligned-center is-layout-flow wp-block-column-is-layout-flow\" style=\"flex-basis:100%\">\n<figure class=\"wp-block-embed is-type-video is-provider-youtube wp-block-embed-youtube wp-embed-aspect-4-3 wp-has-aspect-ratio\"><div class=\"wp-block-embed__wrapper\">\n<div class=\"jetpack-video-wrapper\"><iframe title=\"Komax Alpha 355\" width=\"820\" height=\"615\" src=\"https:\/\/www.youtube.com\/embed\/VHhEwSTlNSk?start=152&#038;feature=oembed\" frameborder=\"0\" allow=\"accelerometer; autoplay; clipboard-write; encrypted-media; gyroscope; picture-in-picture; web-share\" referrerpolicy=\"strict-origin-when-cross-origin\" allowfullscreen><\/iframe><\/div>\n<\/div><\/figure>\n<\/div>\n<\/div>\n\n<figure class=\"wp-block-embed is-type-video is-provider-youtube wp-block-embed-youtube wp-embed-aspect-16-9 wp-has-aspect-ratio\"><div class=\"wp-block-embed__wrapper\">\n<div class=\"jetpack-video-wrapper\"><iframe title=\"MC 40 Abisolier- und Crimpautomat GLW\" width=\"820\" height=\"461\" src=\"https:\/\/www.youtube.com\/embed\/mSzD4sKUzTA?feature=oembed\" frameborder=\"0\" allow=\"accelerometer; autoplay; clipboard-write; encrypted-media; gyroscope; picture-in-picture; web-share\" referrerpolicy=\"strict-origin-when-cross-origin\" allowfullscreen><\/iframe><\/div>\n<\/div><\/figure>\n","protected":false},"excerpt":{"rendered":"<p>Willkommen bei unserem Custom Cable, wo Sie zahlreiche Artikel nach Ihren W\u00fcnschen anpassen k\u00f6nnen. Egal, ob Sie ein erfahrener Heimwerker sind oder einfach nur etwas Bestimmtes suchen, bei uns sind Sie genau richtig. Wir bieten auch Armaflex Isolierung f\u00fcr Heimwerker an. Kabel nach Ma\u00df. Haben Sie spezielle Anforderungen an Ihre Kabel? Bei uns k\u00f6nnen Sie [&hellip;]<\/p>\n","protected":false},"author":1,"featured_media":0,"parent":0,"menu_order":1,"comment_status":"closed","ping_status":"closed","template":"","meta":{"_acf_changed":false,"_sitemap_exclude":false,"_sitemap_priority":"","_sitemap_frequency":"","_daextamp_enable_autolinks":"","_monsterinsights_skip_tracking":false,"_monsterinsights_sitenote_active":false,"_monsterinsights_sitenote_note":"","_monsterinsights_sitenote_category":0,"_joinchat":[],"footnotes":""},"class_list":["post-128203","page","type-page","status-publish","hentry"],"acf":[],"aioseo_notices":[],"jetpack_sharing_enabled":true,"_links":{"self":[{"href":"https:\/\/www.kabelopmaat.eu\/de\/wp-json\/wp\/v2\/pages\/128203","targetHints":{"allow":["GET"]}}],"collection":[{"href":"https:\/\/www.kabelopmaat.eu\/de\/wp-json\/wp\/v2\/pages"}],"about":[{"href":"https:\/\/www.kabelopmaat.eu\/de\/wp-json\/wp\/v2\/types\/page"}],"author":[{"embeddable":true,"href":"https:\/\/www.kabelopmaat.eu\/de\/wp-json\/wp\/v2\/users\/1"}],"replies":[{"embeddable":true,"href":"https:\/\/www.kabelopmaat.eu\/de\/wp-json\/wp\/v2\/comments?post=128203"}],"version-history":[{"count":2,"href":"https:\/\/www.kabelopmaat.eu\/de\/wp-json\/wp\/v2\/pages\/128203\/revisions"}],"predecessor-version":[{"id":128208,"href":"https:\/\/www.kabelopmaat.eu\/de\/wp-json\/wp\/v2\/pages\/128203\/revisions\/128208"}],"wp:attachment":[{"href":"https:\/\/www.kabelopmaat.eu\/de\/wp-json\/wp\/v2\/media?parent=128203"}],"curies":[{"name":"wp","href":"https:\/\/api.w.org\/{rel}","templated":true}]}}